{"id":1652,"date":"2022-10-05T08:20:46","date_gmt":"2022-10-05T08:20:46","guid":{"rendered":"http:\/\/localhost\/Gates\/htdocs\/ut-corporate\/?page_id=1652"},"modified":"2025-08-22T12:38:57","modified_gmt":"2025-08-22T12:38:57","slug":"1652-2","status":"publish","type":"page","link":"https:\/\/www.universal-transmissions.de\/en\/1652-2\/","title":{"rendered":"Imprint"},"content":{"rendered":"<main id=\"maincontent\">\r\n\r\n<p>Legal website operator identification:<br \/><br \/><strong>Universal Transmissions GmbH<\/strong><br \/>Represented by the general manager Karlheinz Nicolai<br \/>Walkm\u00fchlenstra\u00dfe 195<br \/>99974 M\u00fchlhausen<br \/>Deutschland<br \/>Telefon: +493601856630<br \/>E-Mail: shop@carbondrive.net<br \/><strong><br \/><\/strong>VAT No.: DE247414158<br \/>listed in the commercial register of the local court Amtsgericht Hildesheim<br \/>Commercial register number - Part B of the commercial register - Hildesheim 200218<\/p>\r\n\r\n\r\n\r\n<p>Responsible for content according to \u00a7 18 Abs. 2<\/p>\r\n\r\n\r\n\r\n<p><br \/>We are not willing and not obligated to enter into dispute resolution proceedings before the consumer arbitration board.<\/p>\r\n\r\n<\/main>","protected":false},"excerpt":{"rendered":"<p>Gesetzliche Anbieterkennung: Universal Transmissions GmbHdiese vertr. d. d. Gesch\u00e4ftsf\u00fchrer Karlheinz NicolaiWalkm\u00fchlenstra\u00dfe 19599974 M\u00fchlhausenDeutschlandTelefon: +493601856630E-Mail: shop@carbondrive.netUSt-IdNr.: DE247414158eingetragen im Handelsregister des Amtsgerichtes Amtsgericht HildesheimHandelsregisternummer HRB Hildesheim 200218 Inhaltlich Verantwortlicher gem\u00e4\u00df \u00a7 18 Abs. 2 MStV: Wir sind nicht bereit und nicht verpflichtet, an Streitbeilegungsverfahren vor Verbraucherschlichtungsstellen teilzunehmen.<\/p>","protected":false},"author":1,"featured_media":0,"parent":0,"menu_order":0,"comment_status":"closed","ping_status":"closed","template":"","meta":{"inline_featured_image":false},"acf":[],"_links":{"self":[{"href":"https:\/\/www.universal-transmissions.de\/en\/wp-json\/wp\/v2\/pages\/1652"}],"collection":[{"href":"https:\/\/www.universal-transmissions.de\/en\/wp-json\/wp\/v2\/pages"}],"about":[{"href":"https:\/\/www.universal-transmissions.de\/en\/wp-json\/wp\/v2\/types\/page"}],"author":[{"embeddable":true,"href":"https:\/\/www.universal-transmissions.de\/en\/wp-json\/wp\/v2\/users\/1"}],"replies":[{"embeddable":true,"href":"https:\/\/www.universal-transmissions.de\/en\/wp-json\/wp\/v2\/comments?post=1652"}],"version-history":[{"count":9,"href":"https:\/\/www.universal-transmissions.de\/en\/wp-json\/wp\/v2\/pages\/1652\/revisions"}],"predecessor-version":[{"id":2244,"href":"https:\/\/www.universal-transmissions.de\/en\/wp-json\/wp\/v2\/pages\/1652\/revisions\/2244"}],"wp:attachment":[{"href":"https:\/\/www.universal-transmissions.de\/en\/wp-json\/wp\/v2\/media?parent=1652"}],"curies":[{"name":"wp","href":"https:\/\/api.w.org\/{rel}","templated":true}]}}